{"id":1334,"date":"2026-01-29T02:08:22","date_gmt":"2026-01-29T02:08:22","guid":{"rendered":"https:\/\/nilinboats.com\/?page_id=1334"},"modified":"2026-02-05T09:19:53","modified_gmt":"2026-02-05T09:19:53","slug":"jetski-audio-system","status":"publish","type":"page","link":"https:\/\/nilinboats.com\/es\/jetski-audio-system\/","title":{"rendered":"Sistema de audio para motos acu\u00e1ticas"},"content":{"rendered":"<div data-elementor-type=\"wp-page\" data-elementor-id=\"1334\" class=\"elementor elementor-1334\" data-elementor-post-type=\"page\">\n\t\t\t\t<div class=\"elementor-element elementor-element-19e1957 e-flex e-con-boxed e-con e-parent\" data-id=\"19e1957\" data-element_type=\"container\">\n\t\t\t\t\t<div class=\"e-con-inner\">\n\t\t<div class=\"elementor-element elementor-element-a70a2b3 e-con-full e-flex e-con e-child\" data-id=\"a70a2b3\" data-element_type=\"container\">\n\t\t\t\t<div class=\"elementor-element elementor-element-7f6eaf5 elementor-widget elementor-widget-image\" data-id=\"7f6eaf5\" data-element_type=\"widget\" data-widget_type=\"image.default\">\n\t\t\t\t\t\t\t\t\t\t\t\t\t\t\t<img fetchpriority=\"high\" decoding=\"async\" width=\"800\" height=\"534\" src=\"https:\/\/nilinboats.com\/wp-content\/uploads\/2026\/01\/\u5fae\u4fe1\u56fe\u7247_20260129095443_351_2-1024x683.jpg\" class=\"attachment-large size-large wp-image-1338\" alt=\"\" srcset=\"https:\/\/nilinboats.com\/wp-content\/uploads\/2026\/01\/\u5fae\u4fe1\u56fe\u7247_20260129095443_351_2-1024x683.jpg 1024w, https:\/\/nilinboats.com\/wp-content\/uploads\/2026\/01\/\u5fae\u4fe1\u56fe\u7247_20260129095443_351_2-300x200.jpg 300w, https:\/\/nilinboats.com\/wp-content\/uploads\/2026\/01\/\u5fae\u4fe1\u56fe\u7247_20260129095443_351_2-768x512.jpg 768w, https:\/\/nilinboats.com\/wp-content\/uploads\/2026\/01\/\u5fae\u4fe1\u56fe\u7247_20260129095443_351_2-600x400.jpg 600w, https:\/\/nilinboats.com\/wp-content\/uploads\/2026\/01\/\u5fae\u4fe1\u56fe\u7247_20260129095443_351_2.jpg 1320w\" sizes=\"(max-width: 800px) 100vw, 800px\" \/>\t\t\t\t\t\t\t\t\t\t\t\t\t\t\t<\/div>\n\t\t\t\t<div class=\"elementor-element elementor-element-faca855 elementor-widget elementor-widget-image\" data-id=\"faca855\" data-element_type=\"widget\" data-widget_type=\"image.default\">\n\t\t\t\t\t\t\t\t\t\t\t\t\t\t\t<img decoding=\"async\" width=\"800\" height=\"461\" src=\"https:\/\/nilinboats.com\/wp-content\/uploads\/2026\/02\/\u5fae\u4fe1\u56fe\u7247_20260205171904_387_2-1024x590.jpg\" class=\"attachment-large size-large wp-image-7580\" alt=\"\" srcset=\"https:\/\/nilinboats.com\/wp-content\/uploads\/2026\/02\/\u5fae\u4fe1\u56fe\u7247_20260205171904_387_2-1024x590.jpg 1024w, https:\/\/nilinboats.com\/wp-content\/uploads\/2026\/02\/\u5fae\u4fe1\u56fe\u7247_20260205171904_387_2-300x173.jpg 300w, https:\/\/nilinboats.com\/wp-content\/uploads\/2026\/02\/\u5fae\u4fe1\u56fe\u7247_20260205171904_387_2-768x443.jpg 768w, https:\/\/nilinboats.com\/wp-content\/uploads\/2026\/02\/\u5fae\u4fe1\u56fe\u7247_20260205171904_387_2-18x10.jpg 18w, https:\/\/nilinboats.com\/wp-content\/uploads\/2026\/02\/\u5fae\u4fe1\u56fe\u7247_20260205171904_387_2-600x346.jpg 600w, https:\/\/nilinboats.com\/wp-content\/uploads\/2026\/02\/\u5fae\u4fe1\u56fe\u7247_20260205171904_387_2.jpg 1320w\" sizes=\"(max-width: 800px) 100vw, 800px\" \/>\t\t\t\t\t\t\t\t\t\t\t\t\t\t\t<\/div>\n\t\t\t\t<\/div>\n\t\t<div class=\"elementor-element elementor-element-a1ad4db e-con-full e-flex e-con e-child\" data-id=\"a1ad4db\" data-element_type=\"container\">\n\t\t\t\t<div class=\"elementor-element elementor-element-e529f49 elementor-widget elementor-widget-text-editor\" data-id=\"e529f49\" data-element_type=\"widget\" data-widget_type=\"text-editor.default\">\n\t\t\t\t\t\t\t\t\t<p>Estamos especializados en reparaciones de sistemas de audio para motos acu\u00e1ticas, incluyendo Bluetooth y m\u00f3dulos amplificadores. Si est\u00e1 experimentando problemas de conexi\u00f3n, no hay sonido, o cualquier Si usted est\u00e1 experimentando problemas de conexi\u00f3n, no hay sonido, o cualquier otro fallo t\u00e9cnico, no dude en enviar su unidad a nosotros para una soluci\u00f3n profesional.<\/p>\t\t\t\t\t\t\t\t<\/div>\n\t\t\t\t<\/div>\n\t\t\t\t\t<\/div>\n\t\t\t\t<\/div>\n\t\t\t\t<\/div>","protected":false},"excerpt":{"rendered":"<p>We specialize in Jet Ski audio system repairs, includin [&hellip;]<\/p>","protected":false},"author":1,"featured_media":0,"parent":0,"menu_order":0,"comment_status":"closed","ping_status":"closed","template":"","meta":{"_eb_attr":"","footnotes":""},"class_list":["post-1334","page","type-page","status-publish","hentry"],"_links":{"self":[{"href":"https:\/\/nilinboats.com\/es\/wp-json\/wp\/v2\/pages\/1334","targetHints":{"allow":["GET"]}}],"collection":[{"href":"https:\/\/nilinboats.com\/es\/wp-json\/wp\/v2\/pages"}],"about":[{"href":"https:\/\/nilinboats.com\/es\/wp-json\/wp\/v2\/types\/page"}],"author":[{"embeddable":true,"href":"https:\/\/nilinboats.com\/es\/wp-json\/wp\/v2\/users\/1"}],"replies":[{"embeddable":true,"href":"https:\/\/nilinboats.com\/es\/wp-json\/wp\/v2\/comments?post=1334"}],"version-history":[{"count":10,"href":"https:\/\/nilinboats.com\/es\/wp-json\/wp\/v2\/pages\/1334\/revisions"}],"predecessor-version":[{"id":7583,"href":"https:\/\/nilinboats.com\/es\/wp-json\/wp\/v2\/pages\/1334\/revisions\/7583"}],"wp:attachment":[{"href":"https:\/\/nilinboats.com\/es\/wp-json\/wp\/v2\/media?parent=1334"}],"curies":[{"name":"wp","href":"https:\/\/api.w.org\/{rel}","templated":true}]}}